{"id":8,"date":"2015-08-13T21:28:55","date_gmt":"2015-08-13T21:28:55","guid":{"rendered":"https:\/\/israel.wordcamp.org\/2015\/speakers\/"},"modified":"2016-03-20T14:12:53","modified_gmt":"2016-03-20T14:12:53","slug":"speakers","status":"publish","type":"page","link":"https:\/\/israel.wordcamp.org\/2016\/speakers\/","title":{"rendered":"\u05de\u05e8\u05e6\u05d9\u05dd &#8211; Speakers"},"content":{"rendered":"\n\t<div class=\"wcorg-speakers\">\n\n\t\t\n\t\t\t<!-- Organizers note: The id attribute is deprecated and only remains for backwards compatibility, please use the corresponding class to target individual speakers -->\n\t\t\t<div id=\"wcorg-speaker-netta-shafir\" class=\"wcorg-speaker wcorg-speaker-netta-shafir wcorg-track-marketing-business\">\n\t\t\t\t<h2>\n\t\t\t\t\t\n\t\t\t\t\t\t\u05e0\u05d8\u05e2 \u05e9\u05e4\u05d9\u05e8\n\t\t\t\t\t\t\t\t\t<\/h2>\n\n\t\t\t\t<div class=\"wcorg-speaker-description\">\n\t\t\t\t\t<img alt='' src='https:\/\/secure.gravatar.com\/avatar\/d923fa0e5c2718ebed91687554060a4937b0bea4ce2c1debb347386d402aa5e2?s=100&#038;d=mm&#038;r=g' srcset='https:\/\/secure.gravatar.com\/avatar\/d923fa0e5c2718ebed91687554060a4937b0bea4ce2c1debb347386d402aa5e2?s=200&#038;d=mm&#038;r=g 2x' class='avatar avatar-100 photo' height='100' width='100' \/>\t\t\t\t\t<p>\u05e9\u05d5\u05ea\u05e4\u05d4 \u05d5\u05de\u05e0\u05d4\u05dc\u05ea \u05dc\u05e7\u05d5\u05d7\u05d5\u05ea,\u00a0<a href=\"http:\/\/www.win-site.co.il\/\" target=\"_blank\" rel=\"nofollow\">Winsite &#8211; \u05d1\u05d5\u05e0\u05d9\u05dd \u05d0\u05ea\u05e8\u05d9\u05dd \u05de\u05e0\u05e6\u05d7\u05d9\u05dd<\/a><\/p>\n<p>\u05dc\u05d0 \u05d4\u05ea\u05e7\u05e0\u05ea\u05d9 \u05d5\u05d5\u05e8\u05d3\u05e4\u05e8\u05e1 \u05d0\u05e4\u05d9\u05dc\u05d5 \u05e4\u05e2\u05dd \u05d0\u05d7\u05ea \u05d1\u05d7\u05d9\u05d9, \u05d0\u05d1\u05dc \u05d0\u05e0\u05d9 \u05de\u05d3\u05d1\u05e8\u05ea \u05e2\u05dc\u05d9\u05d4 \u05d1\u05e2\u05d9\u05e0\u05d9\u05d9\u05dd \u05e0\u05d5\u05e6\u05e6\u05d5\u05ea \u05d9\u05d5\u05dd \u05d9\u05d5\u05dd, \u05de\u05d1\u05d8\u05d9\u05d7\u05d4 \u05d1\u05d1\u05d9\u05d8\u05d7\u05d5\u05df \u05e8\u05d1 \u05d4\u05d1\u05d8\u05d7\u05d5\u05ea \u05e9\u05e7\u05e9\u05d5\u05e8\u05d5\u05ea \u05d0\u05dc\u05d9\u05d4, \u05de\u05e7\u05d9\u05d9\u05de\u05ea \u05d0\u05d5\u05ea\u05df \u05d9\u05d7\u05d3 \u05e2\u05dd \u05d4\u05e6\u05d5\u05d5\u05ea \u05d4\u05e0\u05d4\u05d3\u05e8 \u05e9\u05dc\u05d9 \u05d1&quot;\u05d5\u05d5\u05d9\u05e0\u05e1\u05d9\u05d9\u05d8&quot;, \u05d5\u05d7\u05d5\u05ea\u05de\u05ea \u05d0\u05ea \u05e9\u05de\u05d9 \u05d1\u05d2\u05d0\u05d5\u05d5\u05d4 \u05e2\u05dc \u05de\u05d0\u05d5\u05ea \u05d0\u05ea\u05e8\u05d9\u05dd \u05e9\u05de\u05d1\u05d5\u05e1\u05e1\u05d9\u05dd \u05e2\u05dc\u05d9\u05d4. \u05d0\u05e0\u05d9 \u05d2\u05dd \u05de\u05db\u05d9\u05e8\u05d4 \u05db\u05dc \u05d9\u05d5\u05dd \u05de\u05d7\u05d3\u05e9 \u05d0\u05ea \u05d4\u05d0\u05ea\u05d2\u05e8\u05d9\u05dd \u05e9\u05dc\u05d4 \u05d5\u05d0\u05ea \u05d4\u05e4\u05ea\u05e8\u05d5\u05e0\u05d5\u05ea \u05e9\u05dc\u05d4\u05dd, \u05dc\u05de\u05e8\u05d5\u05ea \u05e9\u05d0\u05e0\u05d9 \u05dc\u05d0 \u05d9\u05d5\u05d3\u05e2\u05ea \u05dc\u05d1\u05e6\u05e2 \u05d0\u05e3 \u05d0\u05d7\u05d3 \u05de\u05d4\u05dd \u05d1\u05e4\u05d5\u05e2\u05dc.<\/p>\n<p>\u05d1\u05e7\u05d9\u05e6\u05d5\u05e8 &#8211; \u05d0\u05e0\u05d9 \u05de\u05e0\u05d4\u05dc\u05ea \u05de\u05db\u05d9\u05e8\u05d5\u05ea \u05d5\u05e7\u05e9\u05e8\u05d9 \u05dc\u05e7\u05d5\u05d7\u05d5\u05ea \u05d1&quot;\u05d5\u05d5\u05d9\u05e0\u05e1\u05d9\u05d9\u05d8&quot;, \u05d7\u05d1\u05e8\u05d4 \u05dc\u05d1\u05e0\u05d9\u05d9\u05ea \u05d0\u05ea\u05e8\u05d9\u05dd \u05de\u05d1\u05d5\u05e1\u05e1\u05d9 \u05d5\u05d5\u05e8\u05d3\u05e4\u05e8\u05e1, \u05e9\u05d0\u05e0\u05d9 \u05e9\u05d5\u05ea\u05e4\u05d4 \u05d1\u05d4.<\/p>\n<p>\u05d0\u05e0\u05d9 \u05d7\u05d9\u05d4 \u05d1\u05e2\u05d5\u05dc\u05dd \u05d0\u05ea\u05e8\u05d9 \u05d4\u05d0\u05d9\u05e0\u05d8\u05e8\u05e0\u05d8 \u05de\u05d0\u05d6 2009. \u05e0\u05db\u05e0\u05e1\u05ea\u05d9 \u05d0\u05dc\u05d9\u05d5 \u05d3\u05e8\u05da \u05e9\u05e2\u05e8 \u05d4-UX, \u05d1\u05d3\u05e8\u05da \u05d4\u05e7\u05de\u05ea\u05d9 \u05d0\u05ea \u05d5\u05d5\u05d9\u05e0\u05e1\u05d9\u05d9\u05d8 \u05d5\u05e7\u05e9\u05e8\u05ea\u05d9 \u05d0\u05ea \u05d2\u05d5\u05e8\u05dc\u05d9 \u05d1\u05d5\u05d5\u05e8\u05d3\u05e4\u05e8\u05e1, \u05d5\u05e0\u05e9\u05d0\u05e8\u05ea\u05d9 \u05d1\u05d2\u05dc\u05dc \u05d0\u05d4\u05d1\u05ea\u05d9 \u05dc\u05d0\u05ea\u05d2\u05e8 \u05d4\u05db\u05d9 \u05d2\u05d3\u05d5\u05dc: \u05dc\u05e7\u05d5\u05d7\u05d5\u05ea.<\/p>\n\t\t\t\t<\/div>\n\t\t\t<\/div>\n\n\t\t\n\t\t\t<!-- Organizers note: The id attribute is deprecated and only remains for backwards compatibility, please use the corresponding class to target individual speakers -->\n\t\t\t<div id=\"wcorg-speaker-jeff-mendelson\" class=\"wcorg-speaker wcorg-speaker-jeff-mendelson wcorg-track-marketing-business\">\n\t\t\t\t<h2>\n\t\t\t\t\t\n\t\t\t\t\t\tJeff Mendelson\n\t\t\t\t\t\t\t\t\t<\/h2>\n\n\t\t\t\t<div class=\"wcorg-speaker-description\">\n\t\t\t\t\t<img alt='' src='https:\/\/secure.gravatar.com\/avatar\/f107831ed6a7bfc8ae02d8aac6d8ca3be832fa89c44d6b8bbf6af9b8942a6b16?s=100&#038;d=mm&#038;r=g' srcset='https:\/\/secure.gravatar.com\/avatar\/f107831ed6a7bfc8ae02d8aac6d8ca3be832fa89c44d6b8bbf6af9b8942a6b16?s=200&#038;d=mm&#038;r=g 2x' class='avatar avatar-100 photo' height='100' width='100' \/>\t\t\t\t\t<p style=\"text-align: left\">Jeff is CEO of Las Olas Technologies. He's a technology guy, Internet Marketer, juggling too many balls at once, and suffers from \u201cbright, shiny object syndrome\u201d\u2026<\/p>\n<p style=\"text-align: left\">\n\t\t\t\t<\/div>\n\t\t\t<\/div>\n\n\t\t\n\t\t\t<!-- Organizers note: The id attribute is deprecated and only remains for backwards compatibility, please use the corresponding class to target individual speakers -->\n\t\t\t<div id=\"wcorg-speaker-reuven-karasik\" class=\"wcorg-speaker wcorg-speaker-reuven-karasik wcorg-track-development\">\n\t\t\t\t<h2>\n\t\t\t\t\t\n\t\t\t\t\t\tReuven Karasik\n\t\t\t\t\t\t\t\t\t<\/h2>\n\n\t\t\t\t<div class=\"wcorg-speaker-description\">\n\t\t\t\t\t<img alt='' src='https:\/\/secure.gravatar.com\/avatar\/?s=100&#038;d=mm&#038;r=g' srcset='https:\/\/secure.gravatar.com\/avatar\/?s=200&#038;d=mm&#038;r=g 2x' class='avatar avatar-100 photo avatar-default' height='100' width='100' \/>\t\t\t\t\t<p>\u05d0\u05e0\u05d9 \u05de\u05e4\u05ea\u05d7 \u05d5\u05d5\u05e8\u05d3\u05e4\u05e8\u05e1 \u05de\u05d0\u05d6 \u05d2\u05d9\u05dc 13 (not so long ago, \u05d5\u05e2\u05d3\u05d9\u05d9\u05df \ud83d\ude42 ). \u05d0\u05e0\u05d9 \u05de\u05ea \u05e2\u05dc \u05d5\u05d5\u05e8\u05d3\u05e4\u05e8\u05e1 \u05d5\u05e2\u05dc \u05d4\u05d0\u05e4\u05e9\u05e8\u05d5\u05d9\u05d5\u05ea \u05d4\u05d1\u05dc\u05ea\u05d9 \u05de\u05d5\u05d2\u05d1\u05dc\u05d5\u05ea \u05e9\u05dc\u05d4, \u05d5\u05ea\u05de\u05d9\u05d3 \u05e9\u05de\u05d7 \u05dc\u05dc\u05de\u05d5\u05d3 \u05e2\u05d5\u05d3. \u05e4\u05d9\u05ea\u05d7\u05ea\u05d9 \u05e2\u05e9\u05e8\u05d5\u05ea \u05ea\u05d1\u05e0\u05d9\u05d5\u05ea \u05de\u05d5\u05ea\u05d0\u05de\u05d5\u05ea \u05d0\u05d9\u05e9\u05d9\u05ea \u05dc\u05e2\u05e1\u05e7\u05d9\u05dd, \u05dc\u05e4\u05d9 \u05e2\u05d9\u05e6\u05d5\u05d1) \u05de-0, \u05d5\u05d2\u05dd \u05db\u05de\u05d4 \u05e4\u05dc\u05d0\u05d2\u05d9\u05e0\u05d9\u05dd.<\/p>\n<p><a href=\"http:\/\/reuven.rocks\" target=\"_blank\">http:\/\/reuven.rocks<\/a><\/p>\n\t\t\t\t<\/div>\n\t\t\t<\/div>\n\n\t\t\n\t\t\t<!-- Organizers note: The id attribute is deprecated and only remains for backwards compatibility, please use the corresponding class to target individual speakers -->\n\t\t\t<div id=\"wcorg-speaker-boris-gorelik\" class=\"wcorg-speaker wcorg-speaker-boris-gorelik wcorg-track-marketing-business\">\n\t\t\t\t<h2>\n\t\t\t\t\t\n\t\t\t\t\t\tBoris Gorelik\n\t\t\t\t\t\t\t\t\t<\/h2>\n\n\t\t\t\t<div class=\"wcorg-speaker-description\">\n\t\t\t\t\t<img alt='' src='https:\/\/secure.gravatar.com\/avatar\/57ca128bdbc1c624de5e2cc81eee2e6bc1a6b6f6b862057a7b3e6f9e1b83dd16?s=100&#038;d=mm&#038;r=g' srcset='https:\/\/secure.gravatar.com\/avatar\/57ca128bdbc1c624de5e2cc81eee2e6bc1a6b6f6b862057a7b3e6f9e1b83dd16?s=200&#038;d=mm&#038;r=g 2x' class='avatar avatar-100 photo' height='100' width='100' \/>\t\t\t\t\t<p style=\"text-align: left\">Data Scientist, <a href=\"https:\/\/automattic.com\/\" target=\"_blank\">Automattic<\/a><\/p>\n<p style=\"text-align: left\">Boris crunches data. Small data, big data, noisy data, you name it. That's what he has been doing since 2001. And he never stopped enjoying it and probably will never stop.<\/p>\n\t\t\t\t<\/div>\n\t\t\t<\/div>\n\n\t\t\n\t\t\t<!-- Organizers note: The id attribute is deprecated and only remains for backwards compatibility, please use the corresponding class to target individual speakers -->\n\t\t\t<div id=\"wcorg-speaker--\" class=\"wcorg-speaker wcorg-speaker-- wcorg-track-development\">\n\t\t\t\t<h2>\n\t\t\t\t\t\n\t\t\t\t\t\t\u05d7\u05df \u05db\u05d4\u05df\n\t\t\t\t\t\t\t\t\t<\/h2>\n\n\t\t\t\t<div class=\"wcorg-speaker-description\">\n\t\t\t\t\t<img alt='' src='https:\/\/secure.gravatar.com\/avatar\/504b3deaacb226b5525a652d68fe28ca35632c1232f47b4d4a22e35ca08576bb?s=100&#038;d=mm&#038;r=g' srcset='https:\/\/secure.gravatar.com\/avatar\/504b3deaacb226b5525a652d68fe28ca35632c1232f47b4d4a22e35ca08576bb?s=200&#038;d=mm&#038;r=g 2x' class='avatar avatar-100 photo' height='100' width='100' \/>\t\t\t\t\t<p>\u05de\u05e0\u05d4\u05dc \u05e4\u05d9\u05ea\u05d5\u05d7, <a href=\"https:\/\/www.ocw.co.il\/\" target=\"_blank\">OCW<\/a><\/p>\n<p>\u05d0\u05d5\u05db\u05dc \u05d5\u05e0\u05d5\u05e9\u05dd \u05d5\u05d5\u05e8\u05d3\u05e4\u05e8\u05e1,<br \/>\nfull stack developer<br \/>\n\u05de\u05e4\u05ea\u05d7 \u05ea\u05d5\u05e1\u05e4\u05d9\u05dd \u05d5\u05ea\u05d1\u05e0\u05d9\u05d5\u05ea.<br \/>\n\u05d1\u05d5\u05d2\u05e8 \u05e7\u05d5\u05e8\u05e1 \u05e0\u05d2\u05d9\u05e9\u05d5\u05ea \u05d0\u05ea\u05e8\u05d9\u05dd \u05de\u05d8\u05e2\u05dd \u05e2\u05de\u05d5\u05ea\u05ea \u05e0\u05d2\u05d9\u05e9\u05d5\u05ea \u05d9\u05e9\u05e8\u05d0\u05dc.<\/p>\n\t\t\t\t<\/div>\n\t\t\t<\/div>\n\n\t\t\n\t\t\t<!-- Organizers note: The id attribute is deprecated and only remains for backwards compatibility, please use the corresponding class to target individual speakers -->\n\t\t\t<div id=\"wcorg-speaker-jonathan-klinger\" class=\"wcorg-speaker wcorg-speaker-jonathan-klinger wcorg-track-marketing-business\">\n\t\t\t\t<h2>\n\t\t\t\t\t\n\t\t\t\t\t\tJonathan Klinger\n\t\t\t\t\t\t\t\t\t<\/h2>\n\n\t\t\t\t<div class=\"wcorg-speaker-description\">\n\t\t\t\t\t<img alt='' src='https:\/\/secure.gravatar.com\/avatar\/592c2ca0c7d8358275c91fe94ea9bb7252b932f1208325c6476368e558e0e015?s=100&#038;d=mm&#038;r=g' srcset='https:\/\/secure.gravatar.com\/avatar\/592c2ca0c7d8358275c91fe94ea9bb7252b932f1208325c6476368e558e0e015?s=200&#038;d=mm&#038;r=g 2x' class='avatar avatar-100 photo' height='100' width='100' \/>\t\t\t\t\t<p>Attorney<\/p>\n<p>Jonathan is an Israeli cyberlaw attorney and volunteers as the legal counsel for Israel's Digital Rights Movement. Jonathan works on a day-to-day basis with some of Israel's leading publishers, websites, startups and non-profits in order to make the digital world a safe place.<\/p>\n\t\t\t\t<\/div>\n\t\t\t<\/div>\n\n\t\t\n\t\t\t<!-- Organizers note: The id attribute is deprecated and only remains for backwards compatibility, please use the corresponding class to target individual speakers -->\n\t\t\t<div id=\"wcorg-speaker-vitaly-karasik\" class=\"wcorg-speaker wcorg-speaker-vitaly-karasik wcorg-track-development\">\n\t\t\t\t<h2>\n\t\t\t\t\t\n\t\t\t\t\t\tVitaly Karasik\n\t\t\t\t\t\t\t\t\t<\/h2>\n\n\t\t\t\t<div class=\"wcorg-speaker-description\">\n\t\t\t\t\t<img alt='' src='https:\/\/secure.gravatar.com\/avatar\/7813b0a83e3458f00746b522c95832a9b31d32d34ec2ac7c36a526712fda8d65?s=100&#038;d=mm&#038;r=g' srcset='https:\/\/secure.gravatar.com\/avatar\/7813b0a83e3458f00746b522c95832a9b31d32d34ec2ac7c36a526712fda8d65?s=200&#038;d=mm&#038;r=g 2x' class='avatar avatar-100 photo' height='100' width='100' \/>\t\t\t\t\t<p><a href=\"http:\/\/vitalykarasik.com\" target=\"_blank\">Dev Ops Consulting<\/a><\/p>\n<p>20 years experience as SysAdmin\/System Engineer\/DevOps, worked at NDS, Amdocs, Worldmate and many more startups. Been a freelancer for the last 3 years and I collect Linux penguins as a full-time hobby.<\/p>\n\t\t\t\t<\/div>\n\t\t\t<\/div>\n\n\t\t\n\t\t\t<!-- Organizers note: The id attribute is deprecated and only remains for backwards compatibility, please use the corresponding class to target individual speakers -->\n\t\t\t<div id=\"wcorg-speaker--\" class=\"wcorg-speaker wcorg-speaker-- wcorg-track-marketing-business\">\n\t\t\t\t<h2>\n\t\t\t\t\t\n\t\t\t\t\t\t\u05d0\u05d1\u05e8\u05d4\u05dd \u05e7\u05d5\u05e8\u05e0\u05e4\u05dc\u05d3\n\t\t\t\t\t\t\t\t\t<\/h2>\n\n\t\t\t\t<div class=\"wcorg-speaker-description\">\n\t\t\t\t\t<img alt='' src='https:\/\/secure.gravatar.com\/avatar\/c738e3aa0982df9d01b5b45bc58b441bbccf6863a51f15e55a0bbf03f7ec8ab3?s=100&#038;d=mm&#038;r=g' srcset='https:\/\/secure.gravatar.com\/avatar\/c738e3aa0982df9d01b5b45bc58b441bbccf6863a51f15e55a0bbf03f7ec8ab3?s=200&#038;d=mm&#038;r=g 2x' class='avatar avatar-100 photo' height='100' width='100' \/>\t\t\t\t\t<p>\u05de\u05e2\u05e6\u05d1, <a href=\"http:\/\/alefalefalef.co.il\/\" target=\"_blank\">\u05d0\u05d0\u05d0 \u05d1\u05d9\u05ea \u05dc\u05d8\u05d9\u05e4\u05d5\u05d2\u05e8\u05e4\u05d9\u05d4 \u05e2\u05d1\u05e8\u05d9\u05ea<\/a><\/p>\n<p>\u05d8\u05d9\u05e4\u05d5\u05d2\u05e8\u05e3, \u05de\u05e2\u05e6\u05d1 \u05d5\u05de\u05ea\u05db\u05e0\u05ea \u05e9\u05d0\u05d5\u05d4\u05d1 \u05dc\u05e2\u05d1\u05d5\u05d3 \u05d1\u05e9\u05d9\u05ea\u05d5\u05e4\u05d9 \u05e4\u05e2\u05d5\u05dc\u05d4 \u05e2\u05dd \u05d0\u05e0\u05e9\u05d9\u05dd \u05d8\u05d5\u05d1\u05d9\u05dd \u05db\u05d3\u05d9 \u05dc\u05d9\u05e6\u05d5\u05e8 \u05d3\u05d1\u05e8\u05d9\u05dd \u05d8\u05d5\u05d1\u05d9\u05dd.<\/p>\n<p>\u05d4\u05e7\u05d9\u05dd \u05d0\u05ea \u05e7\u05d1\u05d5\u05e6\u05ea \u05d4\u05d2\u05d5\u05e4\u05e0\u05d9\u05dd \u05d0\u05d0\u05d0, \u05de\u05de\u05d9\u05d9\u05e1\u05d3\u05d9 \u05de\u05d2\u05d6\u05d9\u05df \u05d0\u05e0\u05d8\u05d9\u05d9\u05d8\u05dc\u05d3, \u05de\u05dc\u05de\u05d3 \u05d1\u05e9\u05e0\u05e7\u05e8, \u05d5\u05d1\u05d9\u05df \u05dc\u05d1\u05d9\u05df \u05e0\u05d4\u05e0\u05d4 \u05dc\u05e6\u05dc\u05dd, \u05dc\u05e2\u05e6\u05d1 \u05d5\u05d2\u05dd \u05dc\u05ea\u05db\u05e0\u05ea.<\/p>\n<p>\u05d1\u05d5\u05d2\u05e8 \u05d4\u05de\u05d7\u05dc\u05e7\u05d4 \u05dc\u05ea\u05e7\u05e9\u05d5\u05e8\u05ea \u05d7\u05d6\u05d5\u05ea\u05d9\u05ea \u05d1\u05e9\u05e0\u05e7\u05e8 \u05d5\u05d4\u05d7\u05d5\u05d2 \u05dc\u05e6\u05d9\u05dc\u05d5\u05dd \u05d1\u05de\u05db\u05dc\u05dc\u05ea \u05d4\u05d3\u05e1\u05d4 \u05d9\u05e8\u05d5\u05e9\u05dc\u05d9\u05dd.<\/p>\n<p>\u05d7\u05d9 \u05d1\u05d9\u05df \u05e2\u05d5\u05e0\u05d5\u05ea \u05de\u05e2\u05d1\u05e8 \u05d5\u05ea\u05de\u05d9\u05d3 \u05e8\u05d5\u05d3\u05e3 \u05d0\u05d7\u05e8 \u05de\u05e9\u05d4\u05d5, \u05d0\u05d5 \u05e9\u05d4\u05de\u05e9\u05d4\u05d5 \u05d4\u05d6\u05d4 \u05e8\u05d5\u05d3\u05e3 \u05d0\u05d5\u05ea\u05d5. \u05de\u05e1\u05d5\u05d2\u05dc \u05dc\u05d4\u05e2\u05d9\u05e3 \u05e2\u05e4\u05d9\u05e4\u05d5\u05e0\u05d9\u05dd \u05d1\u05d9\u05dd \u05d1\u05de\u05e9\u05da \u05e9\u05e2\u05d5\u05ea, \u05d0\u05d1\u05dc \u05dc\u05d0 \u05e2\u05d5\u05e9\u05d4 \u05d0\u05ea \u05d6\u05d4.<\/p>\n\t\t\t\t<\/div>\n\t\t\t<\/div>\n\n\t\t\n\t\t\t<!-- Organizers note: The id attribute is deprecated and only remains for backwards compatibility, please use the corresponding class to target individual speakers -->\n\t\t\t<div id=\"wcorg-speaker-boaz-ziniman\" class=\"wcorg-speaker wcorg-speaker-boaz-ziniman wcorg-track-development\">\n\t\t\t\t<h2>\n\t\t\t\t\t\n\t\t\t\t\t\tBoaz Ziniman\n\t\t\t\t\t\t\t\t\t<\/h2>\n\n\t\t\t\t<div class=\"wcorg-speaker-description\">\n\t\t\t\t\t<img alt='' src='https:\/\/secure.gravatar.com\/avatar\/fb0bf8c14ad409dee5683da4848f65c16ce7bea9b97d50abd25d1a90ae272f77?s=100&#038;d=mm&#038;r=g' srcset='https:\/\/secure.gravatar.com\/avatar\/fb0bf8c14ad409dee5683da4848f65c16ce7bea9b97d50abd25d1a90ae272f77?s=200&#038;d=mm&#038;r=g 2x' class='avatar avatar-100 photo' height='100' width='100' \/>\t\t\t\t\t<p>Sr. Director of Technology and Cloud, <a href=\"http:\/\/www.zend.com\/\" target=\"_blank\" rel=\"nofollow\">Zend Technologies<\/a><\/p>\n<p>Sr. Director of Technology and Cloud at Zend Technologies and a Zend Certified Engineer since 2005. Leading Zend\u2019s Cloud integration and partnerships with all major cloud providers.<\/p>\n\t\t\t\t<\/div>\n\t\t\t<\/div>\n\n\t\t\n\t\t\t<!-- Organizers note: The id attribute is deprecated and only remains for backwards compatibility, please use the corresponding class to target individual speakers -->\n\t\t\t<div id=\"wcorg-speaker-zeev-suraski\" class=\"wcorg-speaker wcorg-speaker-zeev-suraski\">\n\t\t\t\t<h2>\n\t\t\t\t\t\n\t\t\t\t\t\tZeev Suraski\n\t\t\t\t\t\t\t\t\t<\/h2>\n\n\t\t\t\t<div class=\"wcorg-speaker-description\">\n\t\t\t\t\t<img alt='' src='https:\/\/secure.gravatar.com\/avatar\/886c3436fe3e02cabf40890b8aff4a2e41f9aeb44ca2a23c6584d5c55a2cfc43?s=100&#038;d=mm&#038;r=g' srcset='https:\/\/secure.gravatar.com\/avatar\/886c3436fe3e02cabf40890b8aff4a2e41f9aeb44ca2a23c6584d5c55a2cfc43?s=200&#038;d=mm&#038;r=g 2x' class='avatar avatar-100 photo' height='100' width='100' \/>\t\t\t\t\t<p>Co-founder &amp; CTO, <a href=\"http:\/\/www.zend.com\/\" target=\"_blank\" rel=\"nofollow\">Zend Technologies<\/a><\/p>\n<p>\u05d6\u05d0\u05d1 \u05e1\u05d5\u05e8\u05e1\u05e7\u05d9 \u05d4\u05d5\u05d0 \u05d0\u05d7\u05d3 \u05d4\u05de\u05e4\u05ea\u05d7\u05d9\u05dd \u05d4\u05e8\u05d0\u05e9\u05d9\u05d9\u05dd \u05e9\u05dc \u05e9\u05e4\u05ea \u05d4\u05ea\u05db\u05e0\u05d5\u05ea PHP.<\/p>\n\t\t\t\t<\/div>\n\t\t\t<\/div>\n\n\t\t\n\t\t\t<!-- Organizers note: The id attribute is deprecated and only remains for backwards compatibility, please use the corresponding class to target individual speakers -->\n\t\t\t<div id=\"wcorg-speaker-yoav-farhi\" class=\"wcorg-speaker wcorg-speaker-yoav-farhi wcorg-track-development\">\n\t\t\t\t<h2>\n\t\t\t\t\t\n\t\t\t\t\t\tYoav Farhi\n\t\t\t\t\t\t\t\t\t<\/h2>\n\n\t\t\t\t<div class=\"wcorg-speaker-description\">\n\t\t\t\t\t<img alt='' src='https:\/\/secure.gravatar.com\/avatar\/39d36d4022df32d4f6555231278907a4fb1de83e1b86533c17ed004102e9f6c6?s=100&#038;d=mm&#038;r=g' srcset='https:\/\/secure.gravatar.com\/avatar\/39d36d4022df32d4f6555231278907a4fb1de83e1b86533c17ed004102e9f6c6?s=200&#038;d=mm&#038;r=g 2x' class='avatar avatar-100 photo' height='100' width='100' \/>\t\t\t\t\t<p>I\u00f1t\u00ebrn\u00e2ti\u00f4n\u00e0liz\u00e6ti\u00f8n\u00ebr, <a href=\"https:\/\/automattic.com\/\" target=\"_blank\">Automattic<\/a><\/p>\n<p>He still doesn't know what he wants to be when he grows up, but until then, Yoav is finding happiness in making WordPress.com users happy. Happily married (+ dog) and living not too far from Tel-Aviv, Israel, Yoav also makes sure everything we do around here works in languages written from tfel ot thgir.<\/p>\n\t\t\t\t<\/div>\n\t\t\t<\/div>\n\n\t\t\n\t\t\t<!-- Organizers note: The id attribute is deprecated and only remains for backwards compatibility, please use the corresponding class to target individual speakers -->\n\t\t\t<div id=\"wcorg-speaker--\" class=\"wcorg-speaker wcorg-speaker-- wcorg-track-marketing-business\">\n\t\t\t\t<h2>\n\t\t\t\t\t\n\t\t\t\t\t\t\u05d0\u05e8\u05d9\u05d0\u05dc \u05d4\u05d5\u05db\u05e9\u05d8\u05d3\u05d8\n\t\t\t\t\t\t\t\t\t<\/h2>\n\n\t\t\t\t<div class=\"wcorg-speaker-description\">\n\t\t\t\t\t<img alt='' src='https:\/\/secure.gravatar.com\/avatar\/8d11b54a52568b58c8d12e18a46cb6753d2c2f7a194edecc967feb48d9368eb7?s=100&#038;d=mm&#038;r=g' srcset='https:\/\/secure.gravatar.com\/avatar\/8d11b54a52568b58c8d12e18a46cb6753d2c2f7a194edecc967feb48d9368eb7?s=200&#038;d=mm&#038;r=g 2x' class='avatar avatar-100 photo' height='100' width='100' \/>\t\t\t\t\t<p>\u05e9\u05d5\u05ea\u05e3 \u05de\u05e0\u05d4\u05dc,\u00a0he.HostAdvice.com<\/p>\n<p>\u05d0\u05e8\u05d9\u05d0\u05dc \u05d4\u05d5\u05db\u05e9\u05d8\u05d3\u05d8 \u05d4\u05d5\u05d0 \u05d9\u05d6\u05dd \u05d9\u05e9\u05e8\u05d0\u05dc\u05d9 \u05de\u05d5\u05db\u05e8, \u05d0\u05e9\u05e8 \u05de\u05e8\u05e6\u05d4 \u05d1\u05db\u05e0\u05e1\u05d9\u05dd \u05e8\u05d1\u05d9\u05dd \u05d1\u05e8\u05d7\u05d1\u05d9 \u05d4\u05e2\u05d5\u05dc\u05dd \u05de\u05d6\u05d4 \u05e9\u05e0\u05d9\u05dd \u05e8\u05d1\u05d5\u05ea. \u05db\u05d9\u05d5\u05dd \u05d4\u05d5\u05d0 \u05e9\u05d5\u05ea\u05e3 \u05de\u05e0\u05d4\u05dc \u05d1\u05d0\u05ea\u05e8 \u05d4\u05e9\u05d5\u05d5\u05d0\u05d5\u05ea \u05e9\u05d9\u05e8\u05d5\u05ea\u05d9 \u05d4\u05d0\u05d7\u05e1\u05d5\u05df \u05d4\u05d5\u05e1\u05d8 \u05d0\u05d3\u05d5\u05d5\u05d9\u05e1 (<a href=\"http:\/\/HostAdvice.com\" target=\"_blank\">HostAdvice.com<\/a>) \u05d0\u05e9\u05e8 \u05de\u05e9\u05d5\u05d5\u05d4 \u05e9\u05d9\u05e8\u05d5\u05ea\u05d9 \u05d0\u05d7\u05e1\u05d5\u05df \u05e9\u05dc \u05dc\u05de\u05e2\u05dc\u05d4 \u05de\u05d0\u05dc\u05e4\u05d9\u05d9\u05dd \u05d7\u05d1\u05e8\u05d5\u05ea \u05d5\u05de\u05d5\u05e0\u05d2\u05e9 \u05d1- 33 \u05e9\u05e4\u05d5\u05ea.<\/p>\n\t\t\t\t<\/div>\n\t\t\t<\/div>\n\n\t\t\n\t\t\t<!-- Organizers note: The id attribute is deprecated and only remains for backwards compatibility, please use the corresponding class to target individual speakers -->\n\t\t\t<div id=\"wcorg-speaker---\" class=\"wcorg-speaker wcorg-speaker--- wcorg-track-development\">\n\t\t\t\t<h2>\n\t\t\t\t\t\n\t\t\t\t\t\t\u05e8\u05df \u05d1\u05e8-\u05d6\u05d9\u05e7\n\t\t\t\t\t\t\t\t\t<\/h2>\n\n\t\t\t\t<div class=\"wcorg-speaker-description\">\n\t\t\t\t\t<img alt='' src='https:\/\/secure.gravatar.com\/avatar\/245a86f5d30ac89ee947559c6fbdae06c954f1ef046239592f1064cfc97798aa?s=100&#038;d=mm&#038;r=g' srcset='https:\/\/secure.gravatar.com\/avatar\/245a86f5d30ac89ee947559c6fbdae06c954f1ef046239592f1064cfc97798aa?s=200&#038;d=mm&#038;r=g 2x' class='avatar avatar-100 photo' height='100' width='100' \/>\t\t\t\t\t<p>\u05de\u05ea\u05db\u05e0\u05ea, HPE Software<\/p>\n<p>\u05d1\u05e2\u05dc \u05d4\u05d0\u05ea\u05e8 \u05d0\u05d9\u05e0\u05d8\u05e8\u05e0\u05d8 \u05d9\u05e9\u05e8\u05d0\u05dc (<a href=\"https:\/\/internet-israel.com\" target=\"_blank\">internet-israel.com<\/a>) \u05d4\u05de\u05d5\u05e7\u05d3\u05e9 \u05dc\u05e4\u05d9\u05ea\u05d5\u05d7 \u05d5\u05d5\u05d1. \u05de\u05ea\u05db\u05e0\u05ea \u05db-15 \u05e9\u05e0\u05d4 \u05d5\u05de\u05ea\u05de\u05d7\u05d4 \u05d1-LAMP\\MEAN \u05dc\u05d0\u05e0\u05d8\u05e8\u05e4\u05e8\u05d9\u05d9\u05d6. \u05e8\u05e5 \u05dc\u05de\u05e8\u05d7\u05e7\u05d9\u05dd \u05d0\u05e8\u05d5\u05db\u05d9\u05dd \u05d5\u05d0\u05d1 \u05dc\u05d0\u05e8\u05d1\u05e2\u05d4 \u05d9\u05dc\u05d3\u05d9\u05dd.<\/p>\n\t\t\t\t<\/div>\n\t\t\t<\/div>\n\n\t\t\n\t\t\t<!-- Organizers note: The id attribute is deprecated and only remains for backwards compatibility, please use the corresponding class to target individual speakers -->\n\t\t\t<div id=\"wcorg-speaker-miriam-schwab\" class=\"wcorg-speaker wcorg-speaker-miriam-schwab wcorg-track-marketing-business\">\n\t\t\t\t<h2>\n\t\t\t\t\t\n\t\t\t\t\t\tMiriam Schwab\n\t\t\t\t\t\t\t\t\t<\/h2>\n\n\t\t\t\t<div class=\"wcorg-speaker-description\">\n\t\t\t\t\t<img alt='' src='https:\/\/secure.gravatar.com\/avatar\/a7586edc4ceca2f3dae0430cfc8259b86eab18f90f584c7130c767c297121ced?s=100&#038;d=mm&#038;r=g' srcset='https:\/\/secure.gravatar.com\/avatar\/a7586edc4ceca2f3dae0430cfc8259b86eab18f90f584c7130c767c297121ced?s=200&#038;d=mm&#038;r=g 2x' class='avatar avatar-100 photo' height='100' width='100' \/>\t\t\t\t\t<div>Through her role as Friendly CEO of <a href=\"http:\/\/illuminea.com\" target=\"_blank\">illuminea<\/a>, one of Israel's leading WordPress software houses, Miriam Schwab has become an expert in the WordPress content management platform and a frequent\u00a0speaker on the subject. Miriam has spoken at numerous WordCamp and web-related conferences, including WordCamp Europe, the well-known WordSesh online conference, ISOC Israel events, WordPress Meetup in Cape Town, SMX Israel and SMX London. Miriam has been a guest on many podcasts, like WP Elevation, WP Tavern, and The Strong Women's Podcast, and was recently featured in articles about female entrepreneurs in Jerusalem in The Jerusalem Post and Maariv.<\/div>\n<div><\/div>\n<div>Miriam recently co-founded <a href=\"http:\/\/strattic.com\" target=\"_blank\">Strattic<\/a>, a startup in the WordPress hosting and security space, and is working on it in the Siftech Accelerator. Miriam lives in Jerusalem with her husband and seven kids.<\/div>\n\t\t\t\t<\/div>\n\t\t\t<\/div>\n\n\t\t\n\t\t\t<!-- Organizers note: The id attribute is deprecated and only remains for backwards compatibility, please use the corresponding class to target individual speakers -->\n\t\t\t<div id=\"wcorg-speaker--\" class=\"wcorg-speaker wcorg-speaker-- wcorg-track-development\">\n\t\t\t\t<h2>\n\t\t\t\t\t\n\t\t\t\t\t\t\u05d0\u05e1\u05e3 \u05db\u05d4\u05df\n\t\t\t\t\t\t\t\t\t<\/h2>\n\n\t\t\t\t<div class=\"wcorg-speaker-description\">\n\t\t\t\t\t<img alt='' src='https:\/\/secure.gravatar.com\/avatar\/a59a2cd6f8d385890505c616f37ef5d489fc69a29df1854cda3afcd66dc95e71?s=100&#038;d=mm&#038;r=g' srcset='https:\/\/secure.gravatar.com\/avatar\/a59a2cd6f8d385890505c616f37ef5d489fc69a29df1854cda3afcd66dc95e71?s=200&#038;d=mm&#038;r=g 2x' class='avatar avatar-100 photo' height='100' width='100' \/>\t\t\t\t\t<p><em>SEO Project Manager, Hayde &#8211; SEO<\/em><\/p>\n<p>\u05de\u05e0\u05d4\u05dc \u05e4\u05e8\u05d5\u05d9\u05d9\u05e7\u05d8\u05d9\u05dd \u05e9\u05dc SEO \u05d1\u05d7\u05d1\u05e8\u05ea \u05d4\u05d9\u05d9\u05d3\u05d4. \u05de\u05ea\u05e2\u05e1\u05e7 \u05d1\u05d5\u05d5\u05e8\u05d3\u05e4\u05e8\u05e1 \u05d9\u05d5\u05ea\u05e8 \u05de10 \u05e9\u05e0\u05d9\u05dd. \u05de\u05ea\u05de\u05d7\u05d4 \u05d1\u05d0\u05d5\u05e4\u05d8\u05d9\u05de\u05d9\u05d6\u05e6\u05d9\u05d4 \u05dc\u05de\u05e0\u05d5\u05e2\u05d9 \u05d7\u05d9\u05e4\u05d5\u05e9 \u05d5\u05d0\u05d5\u05d4\u05d1 \u05dc\u05e4\u05ea\u05d5\u05e8 \u05d1\u05e2\u05d9\u05d5\u05ea \u05d1\u05d5\u05d5\u05e8\u05d3\u05e4\u05e8\u05e1.<\/p>\n\t\t\t\t<\/div>\n\t\t\t<\/div>\n\n\t\t\n\t<\/div>\n\n\t\n","protected":false},"excerpt":{"rendered":"","protected":false},"author":161275,"featured_media":0,"parent":0,"menu_order":0,"comment_status":"open","ping_status":"open","template":"","meta":{"jetpack_post_was_ever_published":false,"footnotes":""},"class_list":["post-8","page","type-page","status-publish","hentry"],"jetpack_sharing_enabled":true,"jetpack_shortlink":"https:\/\/wp.me\/P6AQrs-8","jetpack_likes_enabled":true,"_links":{"self":[{"href":"https:\/\/israel.wordcamp.org\/2016\/wp-json\/wp\/v2\/pages\/8","targetHints":{"allow":["GET"]}}],"collection":[{"href":"https:\/\/israel.wordcamp.org\/2016\/wp-json\/wp\/v2\/pages"}],"about":[{"href":"https:\/\/israel.wordcamp.org\/2016\/wp-json\/wp\/v2\/types\/page"}],"author":[{"embeddable":true,"href":"https:\/\/israel.wordcamp.org\/2016\/wp-json\/wp\/v2\/users\/161275"}],"replies":[{"embeddable":true,"href":"https:\/\/israel.wordcamp.org\/2016\/wp-json\/wp\/v2\/comments?post=8"}],"version-history":[{"count":8,"href":"https:\/\/israel.wordcamp.org\/2016\/wp-json\/wp\/v2\/pages\/8\/revisions"}],"predecessor-version":[{"id":1114,"href":"https:\/\/israel.wordcamp.org\/2016\/wp-json\/wp\/v2\/pages\/8\/revisions\/1114"}],"wp:attachment":[{"href":"https:\/\/israel.wordcamp.org\/2016\/wp-json\/wp\/v2\/media?parent=8"}],"curies":[{"name":"wp","href":"https:\/\/api.w.org\/{rel}","templated":true}]}}